{"id":988096,"date":"2020-09-09T07:53:13","date_gmt":"2020-09-09T07:53:13","guid":{"rendered":"http:\/\/sph.md\/?page_id=988096"},"modified":"2026-02-22T02:10:46","modified_gmt":"2026-02-22T00:10:46","slug":"cercetare","status":"publish","type":"page","link":"https:\/\/sph.md\/en_gb\/cercetare\/","title":{"rendered":"Cercetare"},"content":{"rendered":"<div data-elementor-type=\"wp-page\" data-elementor-id=\"988096\" class=\"elementor elementor-988096\" data-elementor-settings=\"[]\">\n\t\t\t\t\t\t<div class=\"elementor-inner\">\n\t\t\t\t\t\t\t<div class=\"elementor-section-wrap\">\n\t\t\t\t\t\t\t<section class=\"elementor-section elementor-top-section elementor-element elementor-element-37599d8 elementor-section-height-min-height elementor-section-items-stretch elementor-section-boxed elementor-section-height-default\" data-id=\"37599d8\" data-element_type=\"section\">\n\t\t\t\t\t\t<div class=\"elementor-container elementor-column-gap-default\">\n\t\t\t\t\t\t\t<div class=\"elementor-row\">\n\t\t\t\t\t<div class=\"elementor-column elementor-col-100 elementor-top-column elementor-element elementor-element-b186f6a\" data-id=\"b186f6a\" data-element_type=\"column\" data-settings=\"{&quot;background_background&quot;:&quot;classic&quot;,&quot;background_motion_fx_motion_fx_scrolling&quot;:&quot;yes&quot;,&quot;background_motion_fx_scale_effect&quot;:&quot;yes&quot;,&quot;background_motion_fx_scale_speed&quot;:{&quot;unit&quot;:&quot;px&quot;,&quot;size&quot;:2,&quot;sizes&quot;:[]},&quot;background_motion_fx_scale_range&quot;:{&quot;unit&quot;:&quot;%&quot;,&quot;size&quot;:&quot;&quot;,&quot;sizes&quot;:{&quot;start&quot;:66,&quot;end&quot;:93}},&quot;background_motion_fx_devices&quot;:[&quot;desktop&quot;],&quot;background_motion_fx_scale_direction&quot;:&quot;out-in&quot;}\">\n\t\t\t<div class=\"elementor-column-wrap elementor-element-populated\">\n\t\t\t\t\t\t\t<div class=\"elementor-widget-wrap\">\n\t\t\t\t\t\t<section class=\"elementor-section elementor-inner-section elementor-element elementor-element-cd19da9 elementor-section-boxed elementor-section-height-default elementor-section-height-default\" data-id=\"cd19da9\" data-element_type=\"section\">\n\t\t\t\t\t\t<div class=\"elementor-container elementor-column-gap-default\">\n\t\t\t\t\t\t\t<div class=\"elementor-row\">\n\t\t\t\t\t<div class=\"elementor-column elementor-col-50 elementor-inner-column elementor-element elementor-element-ace667a\" data-id=\"ace667a\" data-element_type=\"column\">\n\t\t\t<div class=\"elementor-column-wrap\">\n\t\t\t\t\t\t\t<div class=\"elementor-widget-wrap\">\n\t\t\t\t\t\t\t\t<\/div>\n\t\t\t\t\t<\/div>\n\t\t<\/div>\n\t\t\t\t<div class=\"elementor-column elementor-col-50 elementor-inner-column elementor-element elementor-element-1152bee\" data-id=\"1152bee\" data-element_type=\"column\">\n\t\t\t<div class=\"elementor-column-wrap elementor-element-populated\">\n\t\t\t\t\t\t\t<div class=\"elementor-widget-wrap\">\n\t\t\t\t\t\t<div class=\"elementor-element elementor-element-19368fd elementor-shape-circle elementor-widget__width-auto vamtam-layout-horizontal elementor-grid-0 elementor-widget elementor-widget-social-icons\" data-id=\"19368fd\" data-element_type=\"widget\" data-widget_type=\"social-icons.default\">\n\t\t\t\t<div class=\"elementor-widget-container\">\n\t\t\t\t\t<div class=\"elementor-social-icons-wrapper elementor-grid\">\n\t\t\t\t\t\t\t<div class=\"elementor-grid-item\">\n\t\t\t\t\t<a class=\"elementor-icon elementor-social-icon elementor-social-icon-print elementor-repeater-item-f0b87d5 vamtam-trigger-print\" href=\"#\">\n\t\t\t\t\t\t<span class=\"elementor-screen-only\">Print<\/span>\n\t\t\t\t\t\t<i class=\"fas fa-print\"><\/i>\t\t\t\t\t<\/a>\n\t\t\t\t<\/div>\n\t\t\t\t\t\t\t<div class=\"elementor-grid-item\">\n\t\t\t\t\t<a class=\"elementor-icon elementor-social-icon elementor-social-icon-envelope elementor-repeater-item-220d436\" href=\"mailto:sph@usmf.md\" target=\"_blank\">\n\t\t\t\t\t\t<span class=\"elementor-screen-only\">Envelope<\/span>\n\t\t\t\t\t\t<i class=\"fas fa-envelope\"><\/i>\t\t\t\t\t<\/a>\n\t\t\t\t<\/div>\n\t\t\t\t\t\t\t<div class=\"elementor-grid-item\">\n\t\t\t\t\t<a class=\"elementor-icon elementor-social-icon elementor-social-icon-share-alt elementor-repeater-item-fe46285\" href=\"#elementor-action:action=popup:open&settings=eyJpZCI6IjI3NDIiLCJ0b2dnbGUiOmZhbHNlLCJhbGlnbl93aXRoX3BhcmVudCI6IiJ9\" target=\"_blank\">\n\t\t\t\t\t\t<span class=\"elementor-screen-only\">Share-alt<\/span>\n\t\t\t\t\t\t<i class=\"fas fa-share-alt\"><\/i>\t\t\t\t\t<\/a>\n\t\t\t\t<\/div>\n\t\t\t\t\t<\/div>\n\t\t\t\t<\/div>\n\t\t\t\t<\/div>\n\t\t\t\t\t\t<\/div>\n\t\t\t\t\t<\/div>\n\t\t<\/div>\n\t\t\t\t\t\t\t\t<\/div>\n\t\t\t\t\t<\/div>\n\t\t<\/section>\n\t\t\t\t\t\t<\/div>\n\t\t\t\t\t<\/div>\n\t\t<\/div>\n\t\t\t\t\t\t\t\t<\/div>\n\t\t\t\t\t<\/div>\n\t\t<\/section>\n\t\t\t\t<section class=\"elementor-section elementor-top-section elementor-element elementor-element-b8c0a47 elementor-section-boxed elementor-section-height-default elementor-section-height-default\" data-id=\"b8c0a47\" data-element_type=\"section\">\n\t\t\t\t\t\t<div class=\"elementor-container elementor-column-gap-default\">\n\t\t\t\t\t\t\t<div class=\"elementor-row\">\n\t\t\t\t\t<div class=\"elementor-column elementor-col-100 elementor-top-column elementor-element elementor-element-e3a4aeb\" data-id=\"e3a4aeb\" data-element_type=\"column\" data-settings=\"{&quot;background_background&quot;:&quot;classic&quot;}\">\n\t\t\t<div class=\"elementor-column-wrap elementor-element-populated\">\n\t\t\t\t\t\t\t<div class=\"elementor-widget-wrap\">\n\t\t\t\t\t\t<section class=\"elementor-section elementor-inner-section elementor-element elementor-element-1612509 elementor-section-boxed elementor-section-height-default elementor-section-height-default\" data-id=\"1612509\" data-element_type=\"section\">\n\t\t\t\t\t\t<div class=\"elementor-container elementor-column-gap-default\">\n\t\t\t\t\t\t\t<div class=\"elementor-row\">\n\t\t\t\t\t<div class=\"elementor-column elementor-col-100 elementor-inner-column elementor-element elementor-element-ceddc67\" data-id=\"ceddc67\" data-element_type=\"column\">\n\t\t\t<div class=\"elementor-column-wrap elementor-element-populated\">\n\t\t\t\t\t\t\t<div class=\"elementor-widget-wrap\">\n\t\t\t\t\t\t<div class=\"elementor-element elementor-element-42c3193 elementor-widget-mobile__width-auto elementor-widget elementor-widget-heading\" data-id=\"42c3193\" data-element_type=\"widget\" data-widget_type=\"heading.default\">\n\t\t\t\t<div class=\"elementor-widget-container\">\n\t\t\t<h5 class=\"elementor-heading-title elementor-size-default\">Studii<\/h5>\t\t<\/div>\n\t\t\t\t<\/div>\n\t\t\t\t\t\t<\/div>\n\t\t\t\t\t<\/div>\n\t\t<\/div>\n\t\t\t\t\t\t\t\t<\/div>\n\t\t\t\t\t<\/div>\n\t\t<\/section>\n\t\t\t\t<section class=\"elementor-section elementor-inner-section elementor-element elementor-element-91c1cc3 elementor-section-boxed elementor-section-height-default elementor-section-height-default\" data-id=\"91c1cc3\" data-element_type=\"section\">\n\t\t\t\t\t\t<div class=\"elementor-container elementor-column-gap-default\">\n\t\t\t\t\t\t\t<div class=\"elementor-row\">\n\t\t\t\t\t<div class=\"elementor-column elementor-col-100 elementor-inner-column elementor-element elementor-element-61a6996\" data-id=\"61a6996\" data-element_type=\"column\">\n\t\t\t<div class=\"elementor-column-wrap elementor-element-populated\">\n\t\t\t\t\t\t\t<div class=\"elementor-widget-wrap\">\n\t\t\t\t\t\t<div class=\"elementor-element elementor-element-292e93b elementor-widget elementor-widget-heading\" data-id=\"292e93b\" data-element_type=\"widget\" data-widget_type=\"heading.default\">\n\t\t\t\t<div class=\"elementor-widget-container\">\n\t\t\t<h1 class=\"elementor-heading-title elementor-size-default\">Cercetare<\/h1>\t\t<\/div>\n\t\t\t\t<\/div>\n\t\t\t\t\t\t<\/div>\n\t\t\t\t\t<\/div>\n\t\t<\/div>\n\t\t\t\t\t\t\t\t<\/div>\n\t\t\t\t\t<\/div>\n\t\t<\/section>\n\t\t\t\t\t\t<\/div>\n\t\t\t\t\t<\/div>\n\t\t<\/div>\n\t\t\t\t\t\t\t\t<\/div>\n\t\t\t\t\t<\/div>\n\t\t<\/section>\n\t\t\t\t<section class=\"elementor-section elementor-top-section elementor-element elementor-element-74602dd elementor-reverse-mobile elementor-section-height-min-height elementor-section-items-stretch elementor-section-boxed elementor-section-height-default\" data-id=\"74602dd\" data-element_type=\"section\">\n\t\t\t\t\t\t<div class=\"elementor-container elementor-column-gap-default\">\n\t\t\t\t\t\t\t<div class=\"elementor-row\">\n\t\t\t\t\t<div class=\"elementor-column elementor-col-50 elementor-top-column elementor-element elementor-element-5f10683\" data-id=\"5f10683\" data-element_type=\"column\">\n\t\t\t<div class=\"elementor-column-wrap elementor-element-populated\">\n\t\t\t\t\t\t\t<div class=\"elementor-widget-wrap\">\n\t\t\t\t\t\t<div class=\"elementor-element elementor-element-848d881 elementor-drop-cap-yes elementor-drop-cap-view-default elementor-widget elementor-widget-text-editor\" data-id=\"848d881\" data-element_type=\"widget\" data-settings=\"{&quot;drop_cap&quot;:&quot;yes&quot;}\" data-widget_type=\"text-editor.default\">\n\t\t\t\t<div class=\"elementor-widget-container\">\n\t\t\t\t\t<div class=\"elementor-text-editor elementor-clearfix\"><p data-start=\"193\" data-end=\"545\"><strong data-start=\"193\" data-end=\"255\">\u0218coala Na\u021bional\u0103 de Management \u00een S\u0103n\u0103tate Public\u0103 (\u0218NMSP)<\/strong> desf\u0103\u0219oar\u0103 activit\u0103\u021bi de cercetare \u0219tiin\u021bific\u0103 cu impact na\u021bional \u0219i interna\u021bional. Rezultatele cercet\u0103rilor echipei noastre sunt publicate \u00een <strong data-start=\"399\" data-end=\"450\">jurnale \u0219tiin\u021bifice na\u021bionale \u0219i interna\u021bionale<\/strong>, contribuind la dezvoltarea politicilor \u0219i practicilor bazate pe dovezi \u00een s\u0103n\u0103tate public\u0103.<\/p><p data-start=\"547\" data-end=\"574\"><strong data-start=\"547\" data-end=\"572\">Realiz\u0103ri principale:<\/strong><\/p><ul data-start=\"575\" data-end=\"982\"><li data-start=\"575\" data-end=\"670\"><p data-start=\"577\" data-end=\"670\"><strong data-start=\"577\" data-end=\"622\">Publica\u021bii \u0219i lucr\u0103ri metodico-didactice:<\/strong> peste 30 de lucr\u0103ri editate sub egida \u0218colii;<\/p><\/li><li data-start=\"671\" data-end=\"785\"><p data-start=\"673\" data-end=\"785\"><strong data-start=\"673\" data-end=\"699\">Proiecte de cercetare:<\/strong> participare la proiecte na\u021bionale \u0219i interna\u021bionale (<em data-start=\"753\" data-end=\"781\">detalii pe pagina Proiecte<\/em>);<\/p><\/li><li data-start=\"786\" data-end=\"982\"><p data-start=\"788\" data-end=\"982\"><strong data-start=\"788\" data-end=\"809\">Tematici diverse:<\/strong> abord\u0103m probleme actuale din s\u0103n\u0103tatea public\u0103 din Republica Moldova, inclusiv managementul serviciilor de s\u0103n\u0103tate, promovarea s\u0103n\u0103t\u0103\u021bii \u0219i interven\u021bii bazate pe dovezi.<\/p><\/li><\/ul><h4 data-start=\"984\" data-end=\"999\">Doctorat<\/h4><p data-start=\"1000\" data-end=\"1341\">\u0218NMSP ofer\u0103 <strong data-start=\"1012\" data-end=\"1060\">mentorat \u0219i suport pentru studiile doctorale<\/strong>, iar to\u021bi membrii echipei sunt acredita\u021bi s\u0103 conduc\u0103 doctorate. Doctoranzii beneficiaz\u0103 de expertiza echipei \u00een <strong data-start=\"1173\" data-end=\"1260\">managementul s\u0103n\u0103t\u0103\u021bii, biostatistic\u0103, s\u0103n\u0103tate public\u0103 \u0219i metodologie de cercetare<\/strong>, asigur\u00e2nd astfel dezvoltarea profesional\u0103 \u0219i \u0219tiin\u021bific\u0103 a fiec\u0103rui candidat.<\/p><\/div>\n\t\t\t\t<\/div>\n\t\t\t\t<\/div>\n\t\t\t\t\t\t<\/div>\n\t\t\t\t\t<\/div>\n\t\t<\/div>\n\t\t\t\t<div class=\"elementor-column elementor-col-50 elementor-top-column elementor-element elementor-element-1e78b7d\" data-id=\"1e78b7d\" data-element_type=\"column\">\n\t\t\t<div class=\"elementor-column-wrap elementor-element-populated\">\n\t\t\t\t\t\t\t<div class=\"elementor-widget-wrap\">\n\t\t\t\t\t\t<div class=\"elementor-element elementor-element-763f62e elementor-widget elementor-widget-image\" data-id=\"763f62e\" data-element_type=\"widget\" data-widget_type=\"image.default\">\n\t\t\t\t<div class=\"elementor-widget-container\">\n\t\t\t\t\t<div class=\"elementor-image\">\n\t\t\t\t\t\t\t\t\t\t<img width=\"759\" height=\"422\" src=\"https:\/\/sph.md\/wp-content\/uploads\/2020\/10\/PhD-759.jpg\" class=\"attachment-large size-large\" alt=\"\" srcset=\"https:\/\/sph.md\/wp-content\/uploads\/2020\/10\/PhD-759.jpg 759w, https:\/\/sph.md\/wp-content\/uploads\/2020\/10\/PhD-759-300x167.jpg 300w, https:\/\/sph.md\/wp-content\/uploads\/2020\/10\/PhD-759-630x350.jpg 630w, https:\/\/sph.md\/wp-content\/uploads\/2020\/10\/PhD-759-420x234.jpg 420w, https:\/\/sph.md\/wp-content\/uploads\/2020\/10\/PhD-759-315x175.jpg 315w\" sizes=\"(max-width: 759px) 100vw, 759px\" \/>\t\t\t\t\t\t\t\t\t\t\t<\/div>\n\t\t\t\t<\/div>\n\t\t\t\t<\/div>\n\t\t\t\t\t\t<\/div>\n\t\t\t\t\t<\/div>\n\t\t<\/div>\n\t\t\t\t\t\t\t\t<\/div>\n\t\t\t\t\t<\/div>\n\t\t<\/section>\n\t\t\t\t<section class=\"elementor-section elementor-top-section elementor-element elementor-element-e22866c elementor-section-boxed elementor-section-height-default elementor-section-height-default\" data-id=\"e22866c\" data-element_type=\"section\">\n\t\t\t\t\t\t<div class=\"elementor-container elementor-column-gap-default\">\n\t\t\t\t\t\t\t<div class=\"elementor-row\">\n\t\t\t\t\t<div class=\"elementor-column elementor-col-100 elementor-top-column elementor-element elementor-element-16f2b2d\" data-id=\"16f2b2d\" data-element_type=\"column\">\n\t\t\t<div class=\"elementor-column-wrap\">\n\t\t\t\t\t\t\t<div class=\"elementor-widget-wrap\">\n\t\t\t\t\t\t\t\t<\/div>\n\t\t\t\t\t<\/div>\n\t\t<\/div>\n\t\t\t\t\t\t\t\t<\/div>\n\t\t\t\t\t<\/div>\n\t\t<\/section>\n\t\t\t\t\t\t<\/div>\n\t\t\t\t\t\t<\/div>\n\t\t\t\t\t<\/div>","protected":false},"excerpt":{"rendered":"<p>Print Envelope Share-alt Studii Cercetare \u0218coala Na\u021bional\u0103 de Management \u00een S\u0103n\u0103tate Public\u0103 (\u0218NMSP) desf\u0103\u0219oar\u0103 activit\u0103\u021bi de cercetare \u0219tiin\u021bific\u0103 cu impact na\u021bional \u0219i interna\u021bional. Rezultatele cercet\u0103rilor echipei noastre sunt publicate \u00een jurnale \u0219tiin\u021bifice na\u021bionale \u0219i interna\u021bionale, contribuind la dezvoltarea politicilor \u0219i practicilor bazate pe dovezi \u00een s\u0103n\u0103tate public\u0103. Realiz\u0103ri principale: Publica\u021bii \u0219i lucr\u0103ri metodico-didactice: peste 30&#8230;<\/p>","protected":false},"author":1,"featured_media":0,"parent":0,"menu_order":0,"comment_status":"closed","ping_status":"closed","template":"","meta":[],"aioseo_notices":[],"_links":{"self":[{"href":"https:\/\/sph.md\/en_gb\/wp-json\/wp\/v2\/pages\/988096"}],"collection":[{"href":"https:\/\/sph.md\/en_gb\/wp-json\/wp\/v2\/pages"}],"about":[{"href":"https:\/\/sph.md\/en_gb\/wp-json\/wp\/v2\/types\/page"}],"author":[{"embeddable":true,"href":"https:\/\/sph.md\/en_gb\/wp-json\/wp\/v2\/users\/1"}],"replies":[{"embeddable":true,"href":"https:\/\/sph.md\/en_gb\/wp-json\/wp\/v2\/comments?post=988096"}],"version-history":[{"count":0,"href":"https:\/\/sph.md\/en_gb\/wp-json\/wp\/v2\/pages\/988096\/revisions"}],"wp:attachment":[{"href":"https:\/\/sph.md\/en_gb\/wp-json\/wp\/v2\/media?parent=988096"}],"curies":[{"name":"wp","href":"https:\/\/api.w.org\/{rel}","templated":true}]}}