{"id":988154,"date":"2020-09-15T11:12:47","date_gmt":"2020-09-15T08:12:47","guid":{"rendered":"http:\/\/sph.md\/?page_id=988154"},"modified":"2026-02-22T02:02:15","modified_gmt":"2026-02-22T00:02:15","slug":"infodemia","status":"publish","type":"page","link":"https:\/\/sph.md\/en_gb\/infodemia\/","title":{"rendered":"Infodemia"},"content":{"rendered":"<div data-elementor-type=\"wp-page\" data-elementor-id=\"988154\" class=\"elementor elementor-988154\" data-elementor-settings=\"[]\">\n\t\t\t\t\t\t<div class=\"elementor-inner\">\n\t\t\t\t\t\t\t<div class=\"elementor-section-wrap\">\n\t\t\t\t\t\t\t<section class=\"elementor-section elementor-top-section elementor-element elementor-element-824454f elementor-section-height-min-height elementor-section-items-stretch elementor-section-boxed elementor-section-height-default\" data-id=\"824454f\" data-element_type=\"section\">\n\t\t\t\t\t\t<div class=\"elementor-container elementor-column-gap-default\">\n\t\t\t\t\t\t\t<div class=\"elementor-row\">\n\t\t\t\t\t<div class=\"elementor-column elementor-col-100 elementor-top-column elementor-element elementor-element-a80961c\" data-id=\"a80961c\" data-element_type=\"column\" data-settings=\"{&quot;background_background&quot;:&quot;classic&quot;,&quot;background_motion_fx_motion_fx_scrolling&quot;:&quot;yes&quot;,&quot;background_motion_fx_scale_effect&quot;:&quot;yes&quot;,&quot;background_motion_fx_scale_speed&quot;:{&quot;unit&quot;:&quot;px&quot;,&quot;size&quot;:2,&quot;sizes&quot;:[]},&quot;background_motion_fx_scale_range&quot;:{&quot;unit&quot;:&quot;%&quot;,&quot;size&quot;:&quot;&quot;,&quot;sizes&quot;:{&quot;start&quot;:66,&quot;end&quot;:93}},&quot;background_motion_fx_devices&quot;:[&quot;desktop&quot;],&quot;background_motion_fx_scale_direction&quot;:&quot;out-in&quot;}\">\n\t\t\t<div class=\"elementor-column-wrap elementor-element-populated\">\n\t\t\t\t\t\t\t<div class=\"elementor-widget-wrap\">\n\t\t\t\t\t\t<section class=\"elementor-section elementor-inner-section elementor-element elementor-element-a0cdad1 elementor-section-boxed elementor-section-height-default elementor-section-height-default\" data-id=\"a0cdad1\" data-element_type=\"section\">\n\t\t\t\t\t\t<div class=\"elementor-container elementor-column-gap-default\">\n\t\t\t\t\t\t\t<div class=\"elementor-row\">\n\t\t\t\t\t<div class=\"elementor-column elementor-col-50 elementor-inner-column elementor-element elementor-element-a012b35\" data-id=\"a012b35\" data-element_type=\"column\">\n\t\t\t<div class=\"elementor-column-wrap\">\n\t\t\t\t\t\t\t<div class=\"elementor-widget-wrap\">\n\t\t\t\t\t\t\t\t<\/div>\n\t\t\t\t\t<\/div>\n\t\t<\/div>\n\t\t\t\t<div class=\"elementor-column elementor-col-50 elementor-inner-column elementor-element elementor-element-201f3e4\" data-id=\"201f3e4\" data-element_type=\"column\">\n\t\t\t<div class=\"elementor-column-wrap elementor-element-populated\">\n\t\t\t\t\t\t\t<div class=\"elementor-widget-wrap\">\n\t\t\t\t\t\t<div class=\"elementor-element elementor-element-c59ff26 elementor-shape-circle elementor-widget__width-auto vamtam-layout-horizontal elementor-grid-0 elementor-widget elementor-widget-social-icons\" data-id=\"c59ff26\" data-element_type=\"widget\" data-widget_type=\"social-icons.default\">\n\t\t\t\t<div class=\"elementor-widget-container\">\n\t\t\t\t\t<div class=\"elementor-social-icons-wrapper elementor-grid\">\n\t\t\t\t\t\t\t<div class=\"elementor-grid-item\">\n\t\t\t\t\t<a class=\"elementor-icon elementor-social-icon elementor-social-icon-print elementor-repeater-item-f0b87d5 vamtam-trigger-print\" href=\"#\">\n\t\t\t\t\t\t<span class=\"elementor-screen-only\">Print<\/span>\n\t\t\t\t\t\t<i class=\"fas fa-print\"><\/i>\t\t\t\t\t<\/a>\n\t\t\t\t<\/div>\n\t\t\t\t\t\t\t<div class=\"elementor-grid-item\">\n\t\t\t\t\t<a class=\"elementor-icon elementor-social-icon elementor-social-icon-envelope elementor-repeater-item-220d436\" href=\"mailto:sph@usmf.md\" target=\"_blank\">\n\t\t\t\t\t\t<span class=\"elementor-screen-only\">Envelope<\/span>\n\t\t\t\t\t\t<i class=\"fas fa-envelope\"><\/i>\t\t\t\t\t<\/a>\n\t\t\t\t<\/div>\n\t\t\t\t\t\t\t<div class=\"elementor-grid-item\">\n\t\t\t\t\t<a class=\"elementor-icon elementor-social-icon elementor-social-icon-share-alt elementor-repeater-item-fe46285\" href=\"#elementor-action:action=popup:open&settings=eyJpZCI6IjI3NDIiLCJ0b2dnbGUiOmZhbHNlLCJhbGlnbl93aXRoX3BhcmVudCI6IiJ9\" target=\"_blank\">\n\t\t\t\t\t\t<span class=\"elementor-screen-only\">Share-alt<\/span>\n\t\t\t\t\t\t<i class=\"fas fa-share-alt\"><\/i>\t\t\t\t\t<\/a>\n\t\t\t\t<\/div>\n\t\t\t\t\t<\/div>\n\t\t\t\t<\/div>\n\t\t\t\t<\/div>\n\t\t\t\t\t\t<\/div>\n\t\t\t\t\t<\/div>\n\t\t<\/div>\n\t\t\t\t\t\t\t\t<\/div>\n\t\t\t\t\t<\/div>\n\t\t<\/section>\n\t\t\t\t\t\t<\/div>\n\t\t\t\t\t<\/div>\n\t\t<\/div>\n\t\t\t\t\t\t\t\t<\/div>\n\t\t\t\t\t<\/div>\n\t\t<\/section>\n\t\t\t\t<section class=\"elementor-section elementor-top-section elementor-element elementor-element-aee0597 elementor-section-boxed elementor-section-height-default elementor-section-height-default\" data-id=\"aee0597\" data-element_type=\"section\">\n\t\t\t\t\t\t<div class=\"elementor-container elementor-column-gap-default\">\n\t\t\t\t\t\t\t<div class=\"elementor-row\">\n\t\t\t\t\t<div class=\"elementor-column elementor-col-100 elementor-top-column elementor-element elementor-element-5e1d896\" data-id=\"5e1d896\" data-element_type=\"column\" data-settings=\"{&quot;background_background&quot;:&quot;classic&quot;}\">\n\t\t\t<div class=\"elementor-column-wrap elementor-element-populated\">\n\t\t\t\t\t\t\t<div class=\"elementor-widget-wrap\">\n\t\t\t\t\t\t<section class=\"elementor-section elementor-inner-section elementor-element elementor-element-b1d6a28 elementor-section-boxed elementor-section-height-default elementor-section-height-default\" data-id=\"b1d6a28\" data-element_type=\"section\">\n\t\t\t\t\t\t<div class=\"elementor-container elementor-column-gap-default\">\n\t\t\t\t\t\t\t<div class=\"elementor-row\">\n\t\t\t\t\t<div class=\"elementor-column elementor-col-100 elementor-inner-column elementor-element elementor-element-16d76bf\" data-id=\"16d76bf\" data-element_type=\"column\">\n\t\t\t<div class=\"elementor-column-wrap elementor-element-populated\">\n\t\t\t\t\t\t\t<div class=\"elementor-widget-wrap\">\n\t\t\t\t\t\t<div class=\"elementor-element elementor-element-505b37e elementor-widget-mobile__width-auto elementor-widget elementor-widget-heading\" data-id=\"505b37e\" data-element_type=\"widget\" data-widget_type=\"heading.default\">\n\t\t\t\t<div class=\"elementor-widget-container\">\n\t\t\t<h5 class=\"elementor-heading-title elementor-size-default\">Cre\u0219terea performan\u021bei - prioritatea noastr\u0103!<\/h5>\t\t<\/div>\n\t\t\t\t<\/div>\n\t\t\t\t\t\t<\/div>\n\t\t\t\t\t<\/div>\n\t\t<\/div>\n\t\t\t\t\t\t\t\t<\/div>\n\t\t\t\t\t<\/div>\n\t\t<\/section>\n\t\t\t\t<section class=\"elementor-section elementor-inner-section elementor-element elementor-element-2ff1d0d elementor-section-boxed elementor-section-height-default elementor-section-height-default\" data-id=\"2ff1d0d\" data-element_type=\"section\">\n\t\t\t\t\t\t<div class=\"elementor-container elementor-column-gap-default\">\n\t\t\t\t\t\t\t<div class=\"elementor-row\">\n\t\t\t\t\t<div class=\"elementor-column elementor-col-100 elementor-inner-column elementor-element elementor-element-1bd418c\" data-id=\"1bd418c\" data-element_type=\"column\">\n\t\t\t<div class=\"elementor-column-wrap elementor-element-populated\">\n\t\t\t\t\t\t\t<div class=\"elementor-widget-wrap\">\n\t\t\t\t\t\t<div class=\"elementor-element elementor-element-a7c2fd2 elementor-widget elementor-widget-heading\" data-id=\"a7c2fd2\" data-element_type=\"widget\" data-widget_type=\"heading.default\">\n\t\t\t\t<div class=\"elementor-widget-container\">\n\t\t\t<h1 class=\"elementor-heading-title elementor-size-default\">Infodemia<\/h1>\t\t<\/div>\n\t\t\t\t<\/div>\n\t\t\t\t\t\t<\/div>\n\t\t\t\t\t<\/div>\n\t\t<\/div>\n\t\t\t\t\t\t\t\t<\/div>\n\t\t\t\t\t<\/div>\n\t\t<\/section>\n\t\t\t\t\t\t<\/div>\n\t\t\t\t\t<\/div>\n\t\t<\/div>\n\t\t\t\t\t\t\t\t<\/div>\n\t\t\t\t\t<\/div>\n\t\t<\/section>\n\t\t\t\t<section class=\"elementor-section elementor-top-section elementor-element elementor-element-5ee99ac elementor-reverse-mobile elementor-section-height-min-height elementor-section-items-stretch elementor-section-boxed elementor-section-height-default\" data-id=\"5ee99ac\" data-element_type=\"section\">\n\t\t\t\t\t\t<div class=\"elementor-container elementor-column-gap-default\">\n\t\t\t\t\t\t\t<div class=\"elementor-row\">\n\t\t\t\t\t<div class=\"elementor-column elementor-col-50 elementor-top-column elementor-element elementor-element-c2e2ee6\" data-id=\"c2e2ee6\" data-element_type=\"column\">\n\t\t\t<div class=\"elementor-column-wrap elementor-element-populated\">\n\t\t\t\t\t\t\t<div class=\"elementor-widget-wrap\">\n\t\t\t\t\t\t<div class=\"elementor-element elementor-element-5c7fb80 elementor-drop-cap-yes elementor-drop-cap-view-default elementor-widget elementor-widget-text-editor\" data-id=\"5c7fb80\" data-element_type=\"widget\" data-settings=\"{&quot;drop_cap&quot;:&quot;yes&quot;}\" data-widget_type=\"text-editor.default\">\n\t\t\t\t<div class=\"elementor-widget-container\">\n\t\t\t\t\t<div class=\"elementor-text-editor elementor-clearfix\"><p><b><i>Infodemia<\/i><\/b><span style=\"font-weight: 400;\"> este definit\u0103 de Organiza\u021bia Mondial\u0103 a S\u0103n\u0103t\u0103\u021bii ca prea multe informa\u021bii, inclusiv informa\u021bii false sau \u00een\u0219el\u0103toare \u00een medii digitale \u0219i fizice \u00een timpul unui focar de boal\u0103. Aceasta provoac\u0103 confuzie \u0219i comportamente de asumare de riscuri care pot d\u0103una s\u0103n\u0103t\u0103\u021bii; pot duce la ne\u00eencredere \u00een autorit\u0103\u021bile sanitare \u0219i submineaz\u0103 r\u0103spunsul de s\u0103n\u0103tate public\u0103.<\/span><\/p><p>\u00a0<\/p><p><em><b>Cum ne afecteaz\u0103 infodemia?<\/b><b>\u00a0<\/b><\/em><\/p><p><span style=\"font-weight: 400;\">Este important s\u0103 \u00een\u021belegem c\u0103 informa\u021biile prea multe, inclusiv false, ne pot afecta at\u00e2t la nivel individual (av\u00e2nd efecte asupra comportamentului uman), asupra familiei, a comunit\u0103\u021bii, a sistemului de s\u0103n\u0103tate \u0219i a societ\u0103\u021bii \u00een ansamblu.\u00a0\u00a0\u00a0<\/span><\/p><p><span style=\"font-weight: 400;\">\u00a0<\/span><\/p><p><span style=\"font-weight: 400;\"><strong>Managementul infodemiei<\/strong> are drept scop asigurarea c\u0103 oamenii au informa\u021biile potrivite la momentul potrivit \u00een formatul potrivit, astfel \u00eenc\u00e2t s\u0103 fie informa\u021bi \u0219i \u00eemputernici\u021bi s\u0103 adopte schimb\u0103ri de comportament \u00een timpul epidemiei pentru a-\u0219i proteja s\u0103n\u0103tatea lor, s\u0103n\u0103tatea celor dragi \u0219i a comunit\u0103\u021bilor.<\/span><\/p><p>\u00a0<\/p><p><em><strong>Cum contribuie \u0218NMSP la gestionarea infodemiei?\u00a0<\/strong><\/em><\/p><p>Din 2021, \u00een parteneriat cu UNICEF, realiz\u0103m activit\u0103\u021bi de ascultare social\u0103 (Social Listening) pe subiecte actuale: Covid-19, criza refugia\u021bilor, imunizare. Prin transmiterea acestor rezultate p\u0103r\u021bilor interesate, \u0219i \u00een special autorit\u0103\u021bilor \u00een s\u0103n\u0103tate, contribuim la dezvoltarea unor mesaje \u021bintite pe necesit\u0103\u021bile \u0219i preocup\u0103rile popula\u021biei.\u00a0<\/p><p>\u00a0<\/p><p>\u00cen 2023 am instituit <strong>Echipa de Gestionare a Dezinform\u0103rii<\/strong>, care periodic discut\u0103 aceste rapoarte \u0219i vine cu un suport autorit\u0103\u021bilor, pentru a cre\u0219te rezilien\u021ba la dezinformare. \u00cen acest sens, am elaborat <a href=\"https:\/\/sph.md\/wp-content\/uploads\/2025\/01\/ToR-Misinformation-Management-Team_Ro.pdf\" target=\"_blank\" rel=\"noopener\">Termenii de referin\u021b\u0103<\/a> (<a href=\"https:\/\/sph.md\/wp-content\/uploads\/2025\/01\/Tor-for-Misinformation-Management-Team-EN.pdf\" target=\"_blank\" rel=\"noopener\">Terms of References<\/a>), precum \u0219i <a href=\"https:\/\/sph.md\/wp-content\/uploads\/2025\/01\/SOP-for-Misinformation-Management-RO.pdf\" target=\"_blank\" rel=\"noopener\">Procedura de Operare Standard<\/a> (<a href=\"https:\/\/sph.md\/wp-content\/uploads\/2025\/01\/SOP-for-Misinformation-Management-English.pdf\" target=\"_blank\" rel=\"noopener\">Standard Operations Procedure<\/a>).<\/p><p>\u00a0<\/p><p>\u00cen martie 2024 am dezvoltat <strong>cursul de educa\u021bie medical\u0103 continu\u0103 Managementul infodemiei<\/strong>, destinat managerilor \u0219i profesioni\u0219tilor din s\u0103n\u0103tate.\u00a0<\/p><p>\u00a0<\/p><p><em><strong>Ce putem face?<\/strong><\/em>\u00a0<\/p><p><span style=\"font-weight: 400;\">Pandemia Covid-19 a adus \u00een prim-plan no\u021biunea de infodemie, dar aceasta e aici ca s\u0103 r\u0103m\u00e2n\u0103 \u0219i chiar dup\u0103 \u00eencheierea oficial\u0103 a pandemiei (ca urmare a diminu\u0103rii num\u0103rului de cazuri \u00eenregistrate la nivel mondial), iar efectele infodemiei vom continua s\u0103 le resim\u021bim, mai ales \u00een caz de urgen\u021be, epidemii sau \u00een cazul programelor de imunizare.\u00a0<\/span><\/p><p>Pentru a ne proteja de acest fenomen, este important s\u0103 acord\u0103m o aten\u021bie sporit\u0103 verific\u0103rii informa\u021biei, s\u0103 nu distribuim sau s\u0103 promov\u0103m falsuri, mai ales pentru c\u0103 domeniul s\u0103n\u0103t\u0103\u021bii trebuie s\u0103 serveasc\u0103 drept etalon pentru ceilal\u021bi.\u00a0<\/p><p>V\u0103 \u00eendemn\u0103m s\u0103 accesa\u021bi platforma <a href=\"https:\/\/stopfals.md\/\" target=\"_blank\" rel=\"noopener\">StopFals<\/a>, unde pute\u021bi g\u0103si informa\u021bii verificate sau pute\u021bi raporta acolo \u0219tirile sau informa\u021biile care v\u0103 trezesc dubii.\u00a0\u00a0<\/p><\/div>\n\t\t\t\t<\/div>\n\t\t\t\t<\/div>\n\t\t\t\t\t\t<\/div>\n\t\t\t\t\t<\/div>\n\t\t<\/div>\n\t\t\t\t<div class=\"elementor-column elementor-col-50 elementor-top-column elementor-element elementor-element-4b35ddc elementor-invisible\" data-id=\"4b35ddc\" data-element_type=\"column\" data-settings=\"{&quot;background_background&quot;:&quot;classic&quot;,&quot;background_motion_fx_motion_fx_scrolling&quot;:&quot;yes&quot;,&quot;background_motion_fx_translateY_effect&quot;:&quot;yes&quot;,&quot;background_motion_fx_translateY_speed&quot;:{&quot;unit&quot;:&quot;px&quot;,&quot;size&quot;:2,&quot;sizes&quot;:[]},&quot;animation&quot;:&quot;fadeIn&quot;,&quot;background_motion_fx_devices&quot;:[&quot;desktop&quot;],&quot;background_motion_fx_translateY_affectedRange&quot;:{&quot;unit&quot;:&quot;%&quot;,&quot;size&quot;:&quot;&quot;,&quot;sizes&quot;:{&quot;start&quot;:0,&quot;end&quot;:100}}}\">\n\t\t\t<div class=\"elementor-column-wrap elementor-element-populated\">\n\t\t\t\t\t\t\t<div class=\"elementor-widget-wrap\">\n\t\t\t\t\t\t<div class=\"elementor-element elementor-element-e6c54b8 elementor-widget elementor-widget-spacer\" data-id=\"e6c54b8\" data-element_type=\"widget\" data-widget_type=\"spacer.default\">\n\t\t\t\t<div class=\"elementor-widget-container\">\n\t\t\t\t\t<div class=\"elementor-spacer\">\n\t\t\t<div class=\"elementor-spacer-inner\"><\/div>\n\t\t<\/div>\n\t\t\t\t<\/div>\n\t\t\t\t<\/div>\n\t\t\t\t\t\t<\/div>\n\t\t\t\t\t<\/div>\n\t\t<\/div>\n\t\t\t\t\t\t\t\t<\/div>\n\t\t\t\t\t<\/div>\n\t\t<\/section>\n\t\t\t\t<section class=\"elementor-section elementor-top-section elementor-element elementor-element-b0c41ba elementor-section-boxed elementor-section-height-default elementor-section-height-default\" data-id=\"b0c41ba\" data-element_type=\"section\">\n\t\t\t\t\t\t<div class=\"elementor-container elementor-column-gap-no\">\n\t\t\t\t\t\t\t<div class=\"elementor-row\">\n\t\t\t\t\t<div class=\"elementor-column elementor-col-33 elementor-top-column elementor-element elementor-element-fefde0e\" data-id=\"fefde0e\" data-element_type=\"column\" data-settings=\"{&quot;background_background&quot;:&quot;classic&quot;}\">\n\t\t\t<div class=\"elementor-column-wrap elementor-element-populated\">\n\t\t\t\t\t\t\t<div class=\"elementor-widget-wrap\">\n\t\t\t\t\t\t<div class=\"elementor-element elementor-element-af3cfbc elementor-view-stacked elementor-vertical-align-middle elementor-shape-circle elementor-position-top elementor-widget elementor-widget-icon-box\" data-id=\"af3cfbc\" data-element_type=\"widget\" data-widget_type=\"icon-box.default\">\n\t\t\t\t<div class=\"elementor-widget-container\">\n\t\t\t\t\t\t\t<div  class=\"elementor-icon-box-wrapper vamtam-is-link\">\n\t\t\t\t\t\t\t\t\t\t<div class=\"elementor-icon-box-icon\">\n\t\t\t\t\t\t<a class=\"elementor-icon elementor-animation-\" href=\"https:\/\/lms.sph.md\/course\/index.php?categoryid=7\" target=\"_blank\">\n\t\t\t\t\t\t<i aria-hidden=\"true\" class=\"fas fa-chalkboard-teacher\"><\/i>\t\t\t\t\t\t<\/a>\n\t\t\t\t\t<\/div>\n\t\t\t\t\t\t\t\t\t\t<div class=\"elementor-icon-box-content\">\n\t\t\t\t\t\t<h4 class=\"elementor-icon-box-title\">\n\t\t\t\t\t\t\t<a href=\"https:\/\/lms.sph.md\/course\/index.php?categoryid=7\" target=\"_blank\">Curs Managementul Infodemiei<\/a>\n\t\t\t\t\t\t<\/h4>\n\t\t\t\t\t\t\t\t\t\t\t\t<p class=\"elementor-icon-box-description\">Pentru participan\u021bii \u00eenscri\u0219i la curs<\/p>\n\t\t\t\t\t\t\t\t\t\t\t<\/div>\n\t\t\t\t<\/div>\n\t\t\t\t\t\t<\/div>\n\t\t\t\t<\/div>\n\t\t\t\t\t\t<\/div>\n\t\t\t\t\t<\/div>\n\t\t<\/div>\n\t\t\t\t<div class=\"elementor-column elementor-col-33 elementor-top-column elementor-element elementor-element-8b2177b\" data-id=\"8b2177b\" data-element_type=\"column\" data-settings=\"{&quot;background_background&quot;:&quot;classic&quot;}\">\n\t\t\t<div class=\"elementor-column-wrap elementor-element-populated\">\n\t\t\t\t\t\t\t<div class=\"elementor-widget-wrap\">\n\t\t\t\t\t\t<div class=\"elementor-element elementor-element-7c2e813 elementor-view-stacked elementor-vertical-align-middle elementor-shape-circle elementor-position-top elementor-widget elementor-widget-icon-box\" data-id=\"7c2e813\" data-element_type=\"widget\" data-widget_type=\"icon-box.default\">\n\t\t\t\t<div class=\"elementor-widget-container\">\n\t\t\t\t\t\t\t<div  class=\"elementor-icon-box-wrapper\">\n\t\t\t\t\t\t\t\t\t\t<div class=\"elementor-icon-box-icon\">\n\t\t\t\t\t\t<span class=\"elementor-icon elementor-animation-\" >\n\t\t\t\t\t\t<i aria-hidden=\"true\" class=\"fas fa-book\"><\/i>\t\t\t\t\t\t<\/span>\n\t\t\t\t\t<\/div>\n\t\t\t\t\t\t\t\t\t\t<div class=\"elementor-icon-box-content\">\n\t\t\t\t\t\t<h4 class=\"elementor-icon-box-title\">\n\t\t\t\t\t\t\t<span >Suport de curs: Managementul infodemiei <\/span>\n\t\t\t\t\t\t<\/h4>\n\t\t\t\t\t\t\t\t\t\t\t\t<p class=\"elementor-icon-box-description\">\u00cen curs de apari\u021bie<\/p>\n\t\t\t\t\t\t\t\t\t\t\t<\/div>\n\t\t\t\t<\/div>\n\t\t\t\t\t\t<\/div>\n\t\t\t\t<\/div>\n\t\t\t\t\t\t<\/div>\n\t\t\t\t\t<\/div>\n\t\t<\/div>\n\t\t\t\t<div class=\"elementor-column elementor-col-33 elementor-top-column elementor-element elementor-element-e6afd97\" data-id=\"e6afd97\" data-element_type=\"column\" data-settings=\"{&quot;background_background&quot;:&quot;classic&quot;}\">\n\t\t\t<div class=\"elementor-column-wrap elementor-element-populated\">\n\t\t\t\t\t\t\t<div class=\"elementor-widget-wrap\">\n\t\t\t\t\t\t<div class=\"elementor-element elementor-element-c71ee7b elementor-view-stacked elementor-vertical-align-middle elementor-shape-circle elementor-position-top elementor-widget elementor-widget-icon-box\" data-id=\"c71ee7b\" data-element_type=\"widget\" data-widget_type=\"icon-box.default\">\n\t\t\t\t<div class=\"elementor-widget-container\">\n\t\t\t\t\t\t\t<div  class=\"elementor-icon-box-wrapper vamtam-is-link\">\n\t\t\t\t\t\t\t\t\t\t<div class=\"elementor-icon-box-icon\">\n\t\t\t\t\t\t<a class=\"elementor-icon elementor-animation-\" href=\"https:\/\/stopfals.md\/\" target=\"_blank\">\n\t\t\t\t\t\t<i aria-hidden=\"true\" class=\"fas fa-exclamation-circle\"><\/i>\t\t\t\t\t\t<\/a>\n\t\t\t\t\t<\/div>\n\t\t\t\t\t\t\t\t\t\t<div class=\"elementor-icon-box-content\">\n\t\t\t\t\t\t<h4 class=\"elementor-icon-box-title\">\n\t\t\t\t\t\t\t<a href=\"https:\/\/stopfals.md\/\" target=\"_blank\">StopFals<\/a>\n\t\t\t\t\t\t<\/h4>\n\t\t\t\t\t\t\t\t\t\t\t<\/div>\n\t\t\t\t<\/div>\n\t\t\t\t\t\t<\/div>\n\t\t\t\t<\/div>\n\t\t\t\t\t\t<\/div>\n\t\t\t\t\t<\/div>\n\t\t<\/div>\n\t\t\t\t\t\t\t\t<\/div>\n\t\t\t\t\t<\/div>\n\t\t<\/section>\n\t\t\t\t\t\t<\/div>\n\t\t\t\t\t\t<\/div>\n\t\t\t\t\t<\/div>","protected":false},"excerpt":{"rendered":"<p>Print Envelope Share-alt Cre\u0219terea performan\u021bei &#8211; prioritatea noastr\u0103! Infodemia Infodemia este definit\u0103 de Organiza\u021bia Mondial\u0103 a S\u0103n\u0103t\u0103\u021bii ca prea multe informa\u021bii, inclusiv informa\u021bii false sau \u00een\u0219el\u0103toare \u00een medii digitale \u0219i fizice \u00een timpul unui focar de boal\u0103. Aceasta provoac\u0103 confuzie \u0219i comportamente de asumare de riscuri care pot d\u0103una s\u0103n\u0103t\u0103\u021bii; pot duce la ne\u00eencredere \u00een&#8230;<\/p>","protected":false},"author":1,"featured_media":0,"parent":0,"menu_order":0,"comment_status":"closed","ping_status":"closed","template":"","meta":[],"aioseo_notices":[],"_links":{"self":[{"href":"https:\/\/sph.md\/en_gb\/wp-json\/wp\/v2\/pages\/988154"}],"collection":[{"href":"https:\/\/sph.md\/en_gb\/wp-json\/wp\/v2\/pages"}],"about":[{"href":"https:\/\/sph.md\/en_gb\/wp-json\/wp\/v2\/types\/page"}],"author":[{"embeddable":true,"href":"https:\/\/sph.md\/en_gb\/wp-json\/wp\/v2\/users\/1"}],"replies":[{"embeddable":true,"href":"https:\/\/sph.md\/en_gb\/wp-json\/wp\/v2\/comments?post=988154"}],"version-history":[{"count":0,"href":"https:\/\/sph.md\/en_gb\/wp-json\/wp\/v2\/pages\/988154\/revisions"}],"wp:attachment":[{"href":"https:\/\/sph.md\/en_gb\/wp-json\/wp\/v2\/media?parent=988154"}],"curies":[{"name":"wp","href":"https:\/\/api.w.org\/{rel}","templated":true}]}}