{"id":988473,"date":"2020-09-22T15:45:44","date_gmt":"2020-09-22T15:45:44","guid":{"rendered":"http:\/\/sph.md\/?page_id=988473"},"modified":"2021-07-27T17:51:46","modified_gmt":"2021-07-27T14:51:46","slug":"termeni-si-conditii","status":"publish","type":"page","link":"https:\/\/sph.md\/en_gb\/termeni-si-conditii\/","title":{"rendered":"Termeni \u0219i condi\u021bii"},"content":{"rendered":"<div data-elementor-type=\"wp-page\" data-elementor-id=\"988473\" class=\"elementor elementor-988473\" data-elementor-settings=\"[]\">\n\t\t\t\t\t\t<div class=\"elementor-inner\">\n\t\t\t\t\t\t\t<div class=\"elementor-section-wrap\">\n\t\t\t\t\t\t\t<section class=\"elementor-section elementor-top-section elementor-element elementor-element-0062fa8 elementor-section-height-min-height elementor-section-items-stretch elementor-section-boxed elementor-section-height-default\" data-id=\"0062fa8\" data-element_type=\"section\">\n\t\t\t\t\t\t<div class=\"elementor-container elementor-column-gap-default\">\n\t\t\t\t\t\t\t<div class=\"elementor-row\">\n\t\t\t\t\t<div class=\"elementor-column elementor-col-100 elementor-top-column elementor-element elementor-element-25800c5\" data-id=\"25800c5\" data-element_type=\"column\" data-settings=\"{&quot;background_background&quot;:&quot;classic&quot;,&quot;background_motion_fx_motion_fx_scrolling&quot;:&quot;yes&quot;,&quot;background_motion_fx_scale_effect&quot;:&quot;yes&quot;,&quot;background_motion_fx_scale_speed&quot;:{&quot;unit&quot;:&quot;px&quot;,&quot;size&quot;:2,&quot;sizes&quot;:[]},&quot;background_motion_fx_scale_range&quot;:{&quot;unit&quot;:&quot;%&quot;,&quot;size&quot;:&quot;&quot;,&quot;sizes&quot;:{&quot;start&quot;:66,&quot;end&quot;:93}},&quot;background_motion_fx_devices&quot;:[&quot;desktop&quot;],&quot;background_motion_fx_scale_direction&quot;:&quot;out-in&quot;}\">\n\t\t\t<div class=\"elementor-column-wrap elementor-element-populated\">\n\t\t\t\t\t\t\t<div class=\"elementor-widget-wrap\">\n\t\t\t\t\t\t<section class=\"elementor-section elementor-inner-section elementor-element elementor-element-11d0aa6 elementor-section-boxed elementor-section-height-default elementor-section-height-default\" data-id=\"11d0aa6\" data-element_type=\"section\">\n\t\t\t\t\t\t<div class=\"elementor-container elementor-column-gap-default\">\n\t\t\t\t\t\t\t<div class=\"elementor-row\">\n\t\t\t\t\t<div class=\"elementor-column elementor-col-50 elementor-inner-column elementor-element elementor-element-c61821e\" data-id=\"c61821e\" data-element_type=\"column\">\n\t\t\t<div class=\"elementor-column-wrap\">\n\t\t\t\t\t\t\t<div class=\"elementor-widget-wrap\">\n\t\t\t\t\t\t\t\t<\/div>\n\t\t\t\t\t<\/div>\n\t\t<\/div>\n\t\t\t\t<div class=\"elementor-column elementor-col-50 elementor-inner-column elementor-element elementor-element-19f6e19\" data-id=\"19f6e19\" data-element_type=\"column\">\n\t\t\t<div class=\"elementor-column-wrap elementor-element-populated\">\n\t\t\t\t\t\t\t<div class=\"elementor-widget-wrap\">\n\t\t\t\t\t\t<div class=\"elementor-element elementor-element-56b9d1b elementor-shape-circle elementor-widget__width-auto vamtam-layout-horizontal elementor-grid-0 elementor-widget elementor-widget-social-icons\" data-id=\"56b9d1b\" data-element_type=\"widget\" data-widget_type=\"social-icons.default\">\n\t\t\t\t<div class=\"elementor-widget-container\">\n\t\t\t\t\t<div class=\"elementor-social-icons-wrapper elementor-grid\">\n\t\t\t\t\t\t\t<div class=\"elementor-grid-item\">\n\t\t\t\t\t<a class=\"elementor-icon elementor-social-icon elementor-social-icon-print elementor-repeater-item-f0b87d5 vamtam-trigger-print\" href=\"#\">\n\t\t\t\t\t\t<span class=\"elementor-screen-only\">Print<\/span>\n\t\t\t\t\t\t<i class=\"fas fa-print\"><\/i>\t\t\t\t\t<\/a>\n\t\t\t\t<\/div>\n\t\t\t\t\t\t\t<div class=\"elementor-grid-item\">\n\t\t\t\t\t<a class=\"elementor-icon elementor-social-icon elementor-social-icon-envelope elementor-repeater-item-220d436\" href=\"mailto:sph@usmf.md\" target=\"_blank\">\n\t\t\t\t\t\t<span class=\"elementor-screen-only\">Envelope<\/span>\n\t\t\t\t\t\t<i class=\"fas fa-envelope\"><\/i>\t\t\t\t\t<\/a>\n\t\t\t\t<\/div>\n\t\t\t\t\t\t\t<div class=\"elementor-grid-item\">\n\t\t\t\t\t<a class=\"elementor-icon elementor-social-icon elementor-social-icon-share-alt elementor-repeater-item-fe46285\" href=\"#elementor-action:action=popup:open&settings=eyJpZCI6IjI3NDIiLCJ0b2dnbGUiOmZhbHNlLCJhbGlnbl93aXRoX3BhcmVudCI6IiJ9\" target=\"_blank\">\n\t\t\t\t\t\t<span class=\"elementor-screen-only\">Share-alt<\/span>\n\t\t\t\t\t\t<i class=\"fas fa-share-alt\"><\/i>\t\t\t\t\t<\/a>\n\t\t\t\t<\/div>\n\t\t\t\t\t<\/div>\n\t\t\t\t<\/div>\n\t\t\t\t<\/div>\n\t\t\t\t\t\t<\/div>\n\t\t\t\t\t<\/div>\n\t\t<\/div>\n\t\t\t\t\t\t\t\t<\/div>\n\t\t\t\t\t<\/div>\n\t\t<\/section>\n\t\t\t\t\t\t<\/div>\n\t\t\t\t\t<\/div>\n\t\t<\/div>\n\t\t\t\t\t\t\t\t<\/div>\n\t\t\t\t\t<\/div>\n\t\t<\/section>\n\t\t\t\t<section class=\"elementor-section elementor-top-section elementor-element elementor-element-27a8a91 elementor-section-boxed elementor-section-height-default elementor-section-height-default\" data-id=\"27a8a91\" data-element_type=\"section\">\n\t\t\t\t\t\t<div class=\"elementor-container elementor-column-gap-default\">\n\t\t\t\t\t\t\t<div class=\"elementor-row\">\n\t\t\t\t\t<div class=\"elementor-column elementor-col-100 elementor-top-column elementor-element elementor-element-f189084\" data-id=\"f189084\" data-element_type=\"column\" data-settings=\"{&quot;background_background&quot;:&quot;classic&quot;}\">\n\t\t\t<div class=\"elementor-column-wrap elementor-element-populated\">\n\t\t\t\t\t\t\t<div class=\"elementor-widget-wrap\">\n\t\t\t\t\t\t<section class=\"elementor-section elementor-inner-section elementor-element elementor-element-68c4637 elementor-section-boxed elementor-section-height-default elementor-section-height-default\" data-id=\"68c4637\" data-element_type=\"section\">\n\t\t\t\t\t\t<div class=\"elementor-container elementor-column-gap-default\">\n\t\t\t\t\t\t\t<div class=\"elementor-row\">\n\t\t\t\t\t<div class=\"elementor-column elementor-col-100 elementor-inner-column elementor-element elementor-element-5fb6898\" data-id=\"5fb6898\" data-element_type=\"column\">\n\t\t\t<div class=\"elementor-column-wrap elementor-element-populated\">\n\t\t\t\t\t\t\t<div class=\"elementor-widget-wrap\">\n\t\t\t\t\t\t<div class=\"elementor-element elementor-element-518470c elementor-widget-mobile__width-auto elementor-widget elementor-widget-heading\" data-id=\"518470c\" data-element_type=\"widget\" data-widget_type=\"heading.default\">\n\t\t\t\t<div class=\"elementor-widget-container\">\n\t\t\t<h5 class=\"elementor-heading-title elementor-size-default\">Cre\u0219terea performan\u021bei - prioritatea noastr\u0103!<\/h5>\t\t<\/div>\n\t\t\t\t<\/div>\n\t\t\t\t\t\t<\/div>\n\t\t\t\t\t<\/div>\n\t\t<\/div>\n\t\t\t\t\t\t\t\t<\/div>\n\t\t\t\t\t<\/div>\n\t\t<\/section>\n\t\t\t\t<section class=\"elementor-section elementor-inner-section elementor-element elementor-element-4fe6cc8 elementor-section-boxed elementor-section-height-default elementor-section-height-default\" data-id=\"4fe6cc8\" data-element_type=\"section\">\n\t\t\t\t\t\t<div class=\"elementor-container elementor-column-gap-default\">\n\t\t\t\t\t\t\t<div class=\"elementor-row\">\n\t\t\t\t\t<div class=\"elementor-column elementor-col-100 elementor-inner-column elementor-element elementor-element-5272c29\" data-id=\"5272c29\" data-element_type=\"column\">\n\t\t\t<div class=\"elementor-column-wrap elementor-element-populated\">\n\t\t\t\t\t\t\t<div class=\"elementor-widget-wrap\">\n\t\t\t\t\t\t<div class=\"elementor-element elementor-element-69226ae elementor-widget elementor-widget-heading\" data-id=\"69226ae\" data-element_type=\"widget\" data-widget_type=\"heading.default\">\n\t\t\t\t<div class=\"elementor-widget-container\">\n\t\t\t<h1 class=\"elementor-heading-title elementor-size-default\">Termeni \u0219i condi\u021bii<\/h1>\t\t<\/div>\n\t\t\t\t<\/div>\n\t\t\t\t\t\t<\/div>\n\t\t\t\t\t<\/div>\n\t\t<\/div>\n\t\t\t\t\t\t\t\t<\/div>\n\t\t\t\t\t<\/div>\n\t\t<\/section>\n\t\t\t\t\t\t<\/div>\n\t\t\t\t\t<\/div>\n\t\t<\/div>\n\t\t\t\t\t\t\t\t<\/div>\n\t\t\t\t\t<\/div>\n\t\t<\/section>\n\t\t\t\t<section class=\"elementor-section elementor-top-section elementor-element elementor-element-22c3b46 elementor-reverse-mobile elementor-section-boxed elementor-section-height-default elementor-section-height-default\" data-id=\"22c3b46\" data-element_type=\"section\">\n\t\t\t\t\t\t<div class=\"elementor-container elementor-column-gap-default\">\n\t\t\t\t\t\t\t<div class=\"elementor-row\">\n\t\t\t\t\t<div class=\"elementor-column elementor-col-100 elementor-top-column elementor-element elementor-element-fbf2ee6\" data-id=\"fbf2ee6\" data-element_type=\"column\">\n\t\t\t<div class=\"elementor-column-wrap elementor-element-populated\">\n\t\t\t\t\t\t\t<div class=\"elementor-widget-wrap\">\n\t\t\t\t\t\t<div class=\"elementor-element elementor-element-0b85008 elementor-widget elementor-widget-text-editor\" data-id=\"0b85008\" data-element_type=\"widget\" data-widget_type=\"text-editor.default\">\n\t\t\t\t<div class=\"elementor-widget-container\">\n\t\t\t\t\t<div class=\"elementor-text-editor elementor-clearfix\"><p><a href=\"https:\/\/sph.md\/\"><span style=\"text-decoration: underline;\">www.sph.md<\/span><\/a> este website-ul oficial al \u0218colii de Management \u00een S\u0103n\u0103tate Public\u0103 (\u00een continuare \u0218MSP) a Universit\u0103\u0163ii de Stat de Medicin\u0103 \u015fi Farmacie \u201eNicolae Testemi\u0163anu\u201d, care are drept scop informarea publicului larg cu privire la activitatea \u0219i serviciile prestate de institu\u021bie.<\/p><p>\u00a0<\/p><p>V\u0103 rug\u0103m s\u0103 citi\u021bi aceste condi\u0163ii \u00eenainte de a utiliza acest website. Utilizarea paginii web a \u0218MSP indic\u0103 faptul c\u0103 a\u0163i acceptat tacit to\u0163i termenii \u015fi condi\u0163iile de mai jos.<\/p><p>\u00a0<\/p><p>Termenii \u015fi condi\u0163iile pot fi modificate \u00een orice moment de c\u0103tre administratorul site-ului f\u0103r\u0103 notificarea prealabil\u0103 a persoanelor care \u00eel utilizeaz\u0103. Administratorul site-ului va depune toate eforturile (din punct de vedere tehnic sau de alt\u0103 natur\u0103) pentru func\u0163ionarea \u00een bune condi\u0163ii a siteului.<\/p><p>\u00a0<\/p><p>\u00cen calitate de utilizator cu sau f\u0103r\u0103 cont, sunte\u0163i de acord s\u0103 nu folosi\u0163i niciun program, aplica\u0163ie sau orice alt mijloc de accesare automat\u0103 a website-ului, \u00een vederea furtului de date, modific\u0103rii sau alter\u0103rii site-ului. Sunte\u0163i singurul r\u0103spunz\u0103tor pentru activitatea desf\u0103\u015furat\u0103 pe acest site.<\/p><p>\u00a0<\/p><p>Contul <span style=\"text-decoration: underline;\"><a href=\"https:\/\/sph.md\/\">www.sph.md<\/a><\/span> (sau pe alte platforme conexe, inclusiv pentru instruire la distan\u021b\u0103) se va utiliza doar \u00een scopul pentru care a fost permis\u0103 crearea lui.<\/p><p>Dumneavoastr\u0103 sunte\u0163i singurul r\u0103spunzator de utilizarea contului dvs., iar \u0218MSP nu-\u015fi asum\u0103 r\u0103spunderea pentru daunele cauzate de utilizarea neadecvat\u0103 a contului.<\/p><p>\u00a0<\/p><p>Dumneavoastr\u0103 sunte\u0163i singurul r\u0103spunz\u0103tor pentru daunele cauzate at\u00e2t site-ului, c\u00e2t \u015fi altor utilizatori, prin accesarea neautorizat\u0103.<\/p><p>\u00a0<\/p><p><a href=\"https:\/\/sph.md\/\"><span style=\"text-decoration: underline;\">www.sph.md<\/span><\/a> pune la dispozi\u0163ia utilizatorilor informa\u0163ii, acte normative \u015fi alte materiale referitoare la activitatea institu\u0163iei. Drepturile de autor asupra \u00eentregului con\u0163inut apar\u0163in \u00een totalitate \u0218MSP.<\/p><p>\u00a0<\/p><p>Pute\u0163i utiliza materialele de pe site-ul \u0218colii de Management \u00een S\u0103n\u0103tate Public\u0103 numai \u00een interes personal, necommercial, cu condi\u0163ia s\u0103 nu modifica\u0163i simbolurile \u015fi textul cu privire la copyright \u015fi drepturile de proprietate pe care le con\u0163in materialele originale. Nu pute\u0163i modifica \u00een niciun mod materialele de pe acest site sau s\u0103 le reproduce\u0163i, s\u0103 le expune\u0163i public, s\u0103 le distribui\u0163i cu scop comercial sau public, f\u0103r\u0103 permisiunea \u0218MSP.<\/p><p>\u00a0<\/p><p>Este interzis\u0103 folosirea adreselor de e-mail publicate prin intermediul site-ului pentru distribuirea lor pe liste de mailing sau pentru trimiterea de e-mail-uri comerciale (SPAM), sau pentru orice alt scop \u00een afar\u0103 de trimiterea de e-mail-uri personale justificate, f\u0103r\u0103 acordul scris al posesorilor acestor adrese.<\/p><p>\u00a0<\/p><p>Informa\u0163ia din cookie-uri nu este utilizat\u0103 pentru a dezv\u0103lui, c\u0103tre ter\u0163i, informa\u0163ii de identificare personal\u0103 despre vizitator dec\u00e2t \u00een cazul \u00een care \u0218colii de Management \u00een S\u0103n\u0103tate Public\u0103 i se cere \u00een mod legal s\u0103 fac\u0103 acest lucru \u00een conformitate cu legile \u00een vigoare.<\/p><p>\u00a0<\/p><p>Pentru a putea beneficia de serviciile pe care le solicita\u0163i, ne pute\u021bi oferi informa\u021bii despre dumneavoastr\u0103. Astfel, \u0218MSP poate de\u0163ine \u015fi folosi aceste informa\u0163ii publice (furnizate de exemplu printr-o cerere sau printr-un formular de \u00eenregistrare, contract, etc. \u015fi pot include, printre altele, numele, adresa, numere de telefon, informa\u0163ii despre modul \u00een care folosi\u0163i serviciile \u015fi produsele noastre etc.) doar pentru a v\u0103 comunica ofertele speciale \u015fi informa\u0163ii actualizate despre serviciile \u015fi produsele oferite de \u0218coala de Management \u00een S\u0103n\u0103tate Public\u0103.<\/p><\/div>\n\t\t\t\t<\/div>\n\t\t\t\t<\/div>\n\t\t\t\t\t\t<\/div>\n\t\t\t\t\t<\/div>\n\t\t<\/div>\n\t\t\t\t\t\t\t\t<\/div>\n\t\t\t\t\t<\/div>\n\t\t<\/section>\n\t\t\t\t\t\t<\/div>\n\t\t\t\t\t\t<\/div>\n\t\t\t\t\t<\/div>","protected":false},"excerpt":{"rendered":"<p>Print Envelope Share-alt Cre\u0219terea performan\u021bei &#8211; prioritatea noastr\u0103! Termeni \u0219i condi\u021bii www.sph.md este website-ul oficial al \u0218colii de Management \u00een S\u0103n\u0103tate Public\u0103 (\u00een continuare \u0218MSP) a Universit\u0103\u0163ii de Stat de Medicin\u0103 \u015fi Farmacie \u201eNicolae Testemi\u0163anu\u201d, care are drept scop informarea publicului larg cu privire la activitatea \u0219i serviciile prestate de institu\u021bie. \u00a0 V\u0103 rug\u0103m s\u0103&#8230;<\/p>","protected":false},"author":1,"featured_media":0,"parent":0,"menu_order":0,"comment_status":"closed","ping_status":"closed","template":"","meta":[],"aioseo_notices":[],"_links":{"self":[{"href":"https:\/\/sph.md\/en_gb\/wp-json\/wp\/v2\/pages\/988473"}],"collection":[{"href":"https:\/\/sph.md\/en_gb\/wp-json\/wp\/v2\/pages"}],"about":[{"href":"https:\/\/sph.md\/en_gb\/wp-json\/wp\/v2\/types\/page"}],"author":[{"embeddable":true,"href":"https:\/\/sph.md\/en_gb\/wp-json\/wp\/v2\/users\/1"}],"replies":[{"embeddable":true,"href":"https:\/\/sph.md\/en_gb\/wp-json\/wp\/v2\/comments?post=988473"}],"version-history":[{"count":0,"href":"https:\/\/sph.md\/en_gb\/wp-json\/wp\/v2\/pages\/988473\/revisions"}],"wp:attachment":[{"href":"https:\/\/sph.md\/en_gb\/wp-json\/wp\/v2\/media?parent=988473"}],"curies":[{"name":"wp","href":"https:\/\/api.w.org\/{rel}","templated":true}]}}