{"id":988530,"date":"2020-09-29T15:20:11","date_gmt":"2020-09-29T12:20:11","guid":{"rendered":"http:\/\/sph.md\/scoala-de-management-in-sanatate-publica-english\/"},"modified":"2026-03-17T12:18:51","modified_gmt":"2026-03-17T10:18:51","slug":"scoala-nationala-de-management-in-sanatate-publica-english","status":"publish","type":"page","link":"https:\/\/sph.md\/en_gb\/scoala-nationala-de-management-in-sanatate-publica-english\/","title":{"rendered":"\u0218coala Na\u021bional\u0103 de Management \u00een S\u0103n\u0103tate Public\u0103 &#8211; English"},"content":{"rendered":"","protected":false},"excerpt":{"rendered":"","protected":false},"author":1,"featured_media":0,"parent":0,"menu_order":0,"comment_status":"closed","ping_status":"closed","template":"","meta":[],"aioseo_notices":[],"_links":{"self":[{"href":"https:\/\/sph.md\/en_gb\/wp-json\/wp\/v2\/pages\/988530"}],"collection":[{"href":"https:\/\/sph.md\/en_gb\/wp-json\/wp\/v2\/pages"}],"about":[{"href":"https:\/\/sph.md\/en_gb\/wp-json\/wp\/v2\/types\/page"}],"author":[{"embeddable":true,"href":"https:\/\/sph.md\/en_gb\/wp-json\/wp\/v2\/users\/1"}],"replies":[{"embeddable":true,"href":"https:\/\/sph.md\/en_gb\/wp-json\/wp\/v2\/comments?post=988530"}],"version-history":[{"count":0,"href":"https:\/\/sph.md\/en_gb\/wp-json\/wp\/v2\/pages\/988530\/revisions"}],"wp:attachment":[{"href":"https:\/\/sph.md\/en_gb\/wp-json\/wp\/v2\/media?parent=988530"}],"curies":[{"name":"wp","href":"https:\/\/api.w.org\/{rel}","templated":true}]}}