{"id":988924,"date":"2020-10-12T11:42:58","date_gmt":"2020-10-12T11:42:58","guid":{"rendered":"http:\/\/sph.md\/?page_id=988924"},"modified":"2026-02-22T02:38:18","modified_gmt":"2026-02-22T00:38:18","slug":"instruire","status":"publish","type":"page","link":"https:\/\/sph.md\/en_gb\/instruire\/","title":{"rendered":"Instruire"},"content":{"rendered":"<div data-elementor-type=\"wp-page\" data-elementor-id=\"988924\" class=\"elementor elementor-988924\" data-elementor-settings=\"[]\">\n\t\t\t\t\t\t<div class=\"elementor-inner\">\n\t\t\t\t\t\t\t<div class=\"elementor-section-wrap\">\n\t\t\t\t\t\t\t<section class=\"elementor-section elementor-top-section elementor-element elementor-element-7cf8942 elementor-section-height-min-height elementor-section-items-stretch elementor-section-boxed elementor-section-height-default\" data-id=\"7cf8942\" data-element_type=\"section\">\n\t\t\t\t\t\t<div class=\"elementor-container elementor-column-gap-default\">\n\t\t\t\t\t\t\t<div class=\"elementor-row\">\n\t\t\t\t\t<div class=\"elementor-column elementor-col-100 elementor-top-column elementor-element elementor-element-7d60176\" data-id=\"7d60176\" data-element_type=\"column\" data-settings=\"{&quot;background_background&quot;:&quot;classic&quot;,&quot;background_motion_fx_motion_fx_scrolling&quot;:&quot;yes&quot;,&quot;background_motion_fx_scale_effect&quot;:&quot;yes&quot;,&quot;background_motion_fx_scale_speed&quot;:{&quot;unit&quot;:&quot;px&quot;,&quot;size&quot;:2,&quot;sizes&quot;:[]},&quot;background_motion_fx_scale_range&quot;:{&quot;unit&quot;:&quot;%&quot;,&quot;size&quot;:&quot;&quot;,&quot;sizes&quot;:{&quot;start&quot;:66,&quot;end&quot;:93}},&quot;background_motion_fx_devices&quot;:[&quot;desktop&quot;],&quot;background_motion_fx_scale_direction&quot;:&quot;out-in&quot;}\">\n\t\t\t<div class=\"elementor-column-wrap elementor-element-populated\">\n\t\t\t\t\t\t\t<div class=\"elementor-widget-wrap\">\n\t\t\t\t\t\t<section class=\"elementor-section elementor-inner-section elementor-element elementor-element-8934071 elementor-section-boxed elementor-section-height-default elementor-section-height-default\" data-id=\"8934071\" data-element_type=\"section\">\n\t\t\t\t\t\t<div class=\"elementor-container elementor-column-gap-default\">\n\t\t\t\t\t\t\t<div class=\"elementor-row\">\n\t\t\t\t\t<div class=\"elementor-column elementor-col-50 elementor-inner-column elementor-element elementor-element-959a1ec\" data-id=\"959a1ec\" data-element_type=\"column\">\n\t\t\t<div class=\"elementor-column-wrap\">\n\t\t\t\t\t\t\t<div class=\"elementor-widget-wrap\">\n\t\t\t\t\t\t\t\t<\/div>\n\t\t\t\t\t<\/div>\n\t\t<\/div>\n\t\t\t\t<div class=\"elementor-column elementor-col-50 elementor-inner-column elementor-element elementor-element-2a5a0c6\" data-id=\"2a5a0c6\" data-element_type=\"column\">\n\t\t\t<div class=\"elementor-column-wrap elementor-element-populated\">\n\t\t\t\t\t\t\t<div class=\"elementor-widget-wrap\">\n\t\t\t\t\t\t<div class=\"elementor-element elementor-element-fe6fb28 elementor-shape-circle elementor-widget__width-auto vamtam-layout-horizontal elementor-grid-0 elementor-widget elementor-widget-social-icons\" data-id=\"fe6fb28\" data-element_type=\"widget\" data-widget_type=\"social-icons.default\">\n\t\t\t\t<div class=\"elementor-widget-container\">\n\t\t\t\t\t<div class=\"elementor-social-icons-wrapper elementor-grid\">\n\t\t\t\t\t\t\t<div class=\"elementor-grid-item\">\n\t\t\t\t\t<a class=\"elementor-icon elementor-social-icon elementor-social-icon-print elementor-repeater-item-f0b87d5 vamtam-trigger-print\" href=\"#\">\n\t\t\t\t\t\t<span class=\"elementor-screen-only\">Print<\/span>\n\t\t\t\t\t\t<i class=\"fas fa-print\"><\/i>\t\t\t\t\t<\/a>\n\t\t\t\t<\/div>\n\t\t\t\t\t\t\t<div class=\"elementor-grid-item\">\n\t\t\t\t\t<a class=\"elementor-icon elementor-social-icon elementor-social-icon-envelope elementor-repeater-item-220d436\" href=\"mailto:sph@usmf.md\" target=\"_blank\">\n\t\t\t\t\t\t<span class=\"elementor-screen-only\">Envelope<\/span>\n\t\t\t\t\t\t<i class=\"fas fa-envelope\"><\/i>\t\t\t\t\t<\/a>\n\t\t\t\t<\/div>\n\t\t\t\t\t\t\t<div class=\"elementor-grid-item\">\n\t\t\t\t\t<a class=\"elementor-icon elementor-social-icon elementor-social-icon-share-alt elementor-repeater-item-fe46285\" href=\"#elementor-action:action=popup:open&settings=eyJpZCI6IjI3NDIiLCJ0b2dnbGUiOmZhbHNlLCJhbGlnbl93aXRoX3BhcmVudCI6IiJ9\" target=\"_blank\">\n\t\t\t\t\t\t<span class=\"elementor-screen-only\">Share-alt<\/span>\n\t\t\t\t\t\t<i class=\"fas fa-share-alt\"><\/i>\t\t\t\t\t<\/a>\n\t\t\t\t<\/div>\n\t\t\t\t\t<\/div>\n\t\t\t\t<\/div>\n\t\t\t\t<\/div>\n\t\t\t\t\t\t<\/div>\n\t\t\t\t\t<\/div>\n\t\t<\/div>\n\t\t\t\t\t\t\t\t<\/div>\n\t\t\t\t\t<\/div>\n\t\t<\/section>\n\t\t\t\t\t\t<\/div>\n\t\t\t\t\t<\/div>\n\t\t<\/div>\n\t\t\t\t\t\t\t\t<\/div>\n\t\t\t\t\t<\/div>\n\t\t<\/section>\n\t\t\t\t<section class=\"elementor-section elementor-top-section elementor-element elementor-element-43d021b elementor-section-boxed elementor-section-height-default elementor-section-height-default\" data-id=\"43d021b\" data-element_type=\"section\">\n\t\t\t\t\t\t<div class=\"elementor-container elementor-column-gap-default\">\n\t\t\t\t\t\t\t<div class=\"elementor-row\">\n\t\t\t\t\t<div class=\"elementor-column elementor-col-100 elementor-top-column elementor-element elementor-element-a818066\" data-id=\"a818066\" data-element_type=\"column\" data-settings=\"{&quot;background_background&quot;:&quot;classic&quot;}\">\n\t\t\t<div class=\"elementor-column-wrap elementor-element-populated\">\n\t\t\t\t\t\t\t<div class=\"elementor-widget-wrap\">\n\t\t\t\t\t\t<section class=\"elementor-section elementor-inner-section elementor-element elementor-element-55e9a4f elementor-section-boxed elementor-section-height-default elementor-section-height-default\" data-id=\"55e9a4f\" data-element_type=\"section\">\n\t\t\t\t\t\t<div class=\"elementor-container elementor-column-gap-default\">\n\t\t\t\t\t\t\t<div class=\"elementor-row\">\n\t\t\t\t\t<div class=\"elementor-column elementor-col-100 elementor-inner-column elementor-element elementor-element-8032181\" data-id=\"8032181\" data-element_type=\"column\">\n\t\t\t<div class=\"elementor-column-wrap elementor-element-populated\">\n\t\t\t\t\t\t\t<div class=\"elementor-widget-wrap\">\n\t\t\t\t\t\t<div class=\"elementor-element elementor-element-13d7518 elementor-widget elementor-widget-heading\" data-id=\"13d7518\" data-element_type=\"widget\" data-widget_type=\"heading.default\">\n\t\t\t\t<div class=\"elementor-widget-container\">\n\t\t\t<h1 class=\"elementor-heading-title elementor-size-default\">Instruire<\/h1>\t\t<\/div>\n\t\t\t\t<\/div>\n\t\t\t\t\t\t<\/div>\n\t\t\t\t\t<\/div>\n\t\t<\/div>\n\t\t\t\t<div class=\"elementor-column elementor-col-100 elementor-inner-column elementor-element elementor-element-f6c0050\" data-id=\"f6c0050\" data-element_type=\"column\">\n\t\t\t<div class=\"elementor-column-wrap elementor-element-populated\">\n\t\t\t\t\t\t\t<div class=\"elementor-widget-wrap\">\n\t\t\t\t\t\t<div class=\"elementor-element elementor-element-de0b99e elementor-widget-mobile__width-auto elementor-widget elementor-widget-heading\" data-id=\"de0b99e\" data-element_type=\"widget\" data-widget_type=\"heading.default\">\n\t\t\t\t<div class=\"elementor-widget-container\">\n\t\t\t<h5 class=\"elementor-heading-title elementor-size-default\">Cre\u0219terea performan\u021bei - prioritatea noastr\u0103!<\/h5>\t\t<\/div>\n\t\t\t\t<\/div>\n\t\t\t\t\t\t<\/div>\n\t\t\t\t\t<\/div>\n\t\t<\/div>\n\t\t\t\t\t\t\t\t<\/div>\n\t\t\t\t\t<\/div>\n\t\t<\/section>\n\t\t\t\t\t\t<\/div>\n\t\t\t\t\t<\/div>\n\t\t<\/div>\n\t\t\t\t\t\t\t\t<\/div>\n\t\t\t\t\t<\/div>\n\t\t<\/section>\n\t\t\t\t<section class=\"elementor-section elementor-top-section elementor-element elementor-element-dce07e5 elementor-section-boxed elementor-section-height-default elementor-section-height-default\" data-id=\"dce07e5\" data-element_type=\"section\">\n\t\t\t\t\t\t<div class=\"elementor-container elementor-column-gap-default\">\n\t\t\t\t\t\t\t<div class=\"elementor-row\">\n\t\t\t\t\t<div class=\"elementor-column elementor-col-100 elementor-top-column elementor-element elementor-element-47af3c0\" data-id=\"47af3c0\" data-element_type=\"column\">\n\t\t\t<div class=\"elementor-column-wrap\">\n\t\t\t\t\t\t\t<div class=\"elementor-widget-wrap\">\n\t\t\t\t\t\t\t\t<\/div>\n\t\t\t\t\t<\/div>\n\t\t<\/div>\n\t\t\t\t\t\t\t\t<\/div>\n\t\t\t\t\t<\/div>\n\t\t<\/section>\n\t\t\t\t<section class=\"elementor-section elementor-top-section elementor-element elementor-element-c940875 elementor-reverse-mobile elementor-section-height-min-height elementor-section-items-stretch elementor-section-boxed elementor-section-height-default\" data-id=\"c940875\" data-element_type=\"section\">\n\t\t\t\t\t\t<div class=\"elementor-container elementor-column-gap-default\">\n\t\t\t\t\t\t\t<div class=\"elementor-row\">\n\t\t\t\t\t<div class=\"elementor-column elementor-col-100 elementor-top-column elementor-element elementor-element-b8cdee8\" data-id=\"b8cdee8\" data-element_type=\"column\">\n\t\t\t<div class=\"elementor-column-wrap elementor-element-populated\">\n\t\t\t\t\t\t\t<div class=\"elementor-widget-wrap\">\n\t\t\t\t\t\t<div class=\"elementor-element elementor-element-24bd4f7 elementor-widget elementor-widget-text-editor\" data-id=\"24bd4f7\" data-element_type=\"widget\" data-widget_type=\"text-editor.default\">\n\t\t\t\t<div class=\"elementor-widget-container\">\n\t\t\t\t\t<div class=\"elementor-text-editor elementor-clearfix\"><p data-start=\"352\" data-end=\"748\"><strong data-start=\"352\" data-end=\"414\">\u0218coala Na\u021bional\u0103 de Management \u00een S\u0103n\u0103tate Public\u0103 (\u0218NMSP)<\/strong> ofer\u0103 programe de instruire dedicate profesioni\u0219tilor din s\u0103n\u0103tate implica\u021bi \u00een activit\u0103\u021bi manageriale \u0219i de decizie. Instruirile noastre combin\u0103 <strong data-start=\"561\" data-end=\"604\">teorie, practic\u0103 \u0219i studii de caz reale<\/strong>, pentru a sprijini dezvoltarea competen\u021belor necesare \u00een gestionarea eficient\u0103 a institu\u021biilor medicale \u0219i a serviciilor de s\u0103n\u0103tate public\u0103.<\/p><p data-start=\"352\" data-end=\"748\">\u00a0<\/p><p data-start=\"750\" data-end=\"1010\">Fiecare program este conceput pentru a oferi <strong data-start=\"795\" data-end=\"840\">cuno\u0219tin\u021be aplicabile imediat \u00een practic\u0103<\/strong>, iar instruirile se desf\u0103\u0219oar\u0103 at\u00e2t <strong data-start=\"877\" data-end=\"893\">fa\u021b\u0103\u2011\u00een\u2011fa\u021b\u0103<\/strong>, c\u00e2t \u0219i prin <strong data-start=\"907\" data-end=\"953\">platforma noastr\u0103 de instruire la distan\u021b\u0103<\/strong>, facilit\u00e2nd accesul participan\u021bilor din \u00eentreaga \u021bar\u0103.<\/p><p data-start=\"750\" data-end=\"1010\">\u00a0<\/p><p data-start=\"1012\" data-end=\"1036\"><strong data-start=\"1012\" data-end=\"1034\">Tematici abordate:<\/strong><\/p><ul data-start=\"1037\" data-end=\"1418\"><li data-start=\"1037\" data-end=\"1066\"><p data-start=\"1039\" data-end=\"1066\">Comunicare institu\u021bional\u0103<\/p><\/li><li data-start=\"1067\" data-end=\"1101\"><p data-start=\"1069\" data-end=\"1101\">Comunicare public\u0103 \u00een s\u0103n\u0103tate<\/p><\/li><li data-start=\"1102\" data-end=\"1130\"><p data-start=\"1104\" data-end=\"1130\">Comunicare medic\u2011pacient<\/p><\/li><li data-start=\"1131\" data-end=\"1164\"><p data-start=\"1133\" data-end=\"1164\">Drepturile omului \u00een s\u0103n\u0103tate<\/p><\/li><li data-start=\"1165\" data-end=\"1193\"><p data-start=\"1167\" data-end=\"1193\">Management institu\u021bional<\/p><\/li><li data-start=\"1194\" data-end=\"1233\"><p data-start=\"1196\" data-end=\"1233\">Marketingul serviciilor de s\u0103n\u0103tate<\/p><\/li><li data-start=\"1234\" data-end=\"1267\"><p data-start=\"1236\" data-end=\"1267\">Managementul resurselor umane<\/p><\/li><li data-start=\"1268\" data-end=\"1294\"><p data-start=\"1270\" data-end=\"1294\">Managementul calit\u0103\u021bii<\/p><\/li><li data-start=\"1295\" data-end=\"1319\"><p data-start=\"1297\" data-end=\"1319\">Promovarea s\u0103n\u0103t\u0103\u021bii<\/p><\/li><li data-start=\"1320\" data-end=\"1346\"><p data-start=\"1322\" data-end=\"1346\">Biostatistic\u0103 medical\u0103<\/p><\/li><li data-start=\"1347\" data-end=\"1394\"><p data-start=\"1349\" data-end=\"1394\">Managementul urgen\u021belor de s\u0103n\u0103tate public\u0103<\/p><\/li><li data-start=\"1395\" data-end=\"1418\"><p data-start=\"1397\" data-end=\"1418\">Legisla\u021bie medical\u0103<\/p><\/li><\/ul><p>\u00a0<\/p><p data-start=\"1420\" data-end=\"1451\"><strong>Participan\u021bii beneficiaz\u0103 de:<\/strong><\/p><ul data-start=\"1452\" data-end=\"1645\"><li data-start=\"1452\" data-end=\"1525\"><p data-start=\"1454\" data-end=\"1525\">instruire adaptat\u0103 nevoilor reale ale institu\u021biilor \u0219i comunit\u0103\u021bilor;<\/p><\/li><li data-start=\"1526\" data-end=\"1575\"><p data-start=\"1528\" data-end=\"1575\">metode interactive \u0219i studii de caz aplicate;<\/p><\/li><li data-start=\"1576\" data-end=\"1645\"><p data-start=\"1578\" data-end=\"1645\">suport pentru implementarea cuno\u0219tin\u021belor \u00een activitatea zilnic\u0103.<\/p><\/li><\/ul><\/div>\n\t\t\t\t<\/div>\n\t\t\t\t<\/div>\n\t\t\t\t\t\t<\/div>\n\t\t\t\t\t<\/div>\n\t\t<\/div>\n\t\t\t\t\t\t\t\t<\/div>\n\t\t\t\t\t<\/div>\n\t\t<\/section>\n\t\t\t\t<section class=\"elementor-section elementor-top-section elementor-element elementor-element-20d42b4 elementor-section-boxed elementor-section-height-default elementor-section-height-default\" data-id=\"20d42b4\" data-element_type=\"section\">\n\t\t\t\t\t\t<div class=\"elementor-container elementor-column-gap-no\">\n\t\t\t\t\t\t\t<div class=\"elementor-row\">\n\t\t\t\t\t<div class=\"elementor-column elementor-col-50 elementor-top-column elementor-element elementor-element-6f267d0\" data-id=\"6f267d0\" data-element_type=\"column\" data-settings=\"{&quot;background_background&quot;:&quot;classic&quot;}\">\n\t\t\t<div class=\"elementor-column-wrap elementor-element-populated\">\n\t\t\t\t\t\t\t<div class=\"elementor-widget-wrap\">\n\t\t\t\t\t\t<div class=\"elementor-element elementor-element-431bef8 elementor-view-stacked elementor-vertical-align-middle elementor-shape-circle elementor-position-top elementor-widget elementor-widget-icon-box\" data-id=\"431bef8\" data-element_type=\"widget\" data-widget_type=\"icon-box.default\">\n\t\t\t\t<div class=\"elementor-widget-container\">\n\t\t\t\t\t\t\t<div  class=\"elementor-icon-box-wrapper\">\n\t\t\t\t\t\t\t\t\t\t<div class=\"elementor-icon-box-icon\">\n\t\t\t\t\t\t<span class=\"elementor-icon elementor-animation-\" >\n\t\t\t\t\t\t<i aria-hidden=\"true\" class=\"far fa-file-pdf\"><\/i>\t\t\t\t\t\t<\/span>\n\t\t\t\t\t<\/div>\n\t\t\t\t\t\t\t\t\t\t<div class=\"elementor-icon-box-content\">\n\t\t\t\t\t\t<h4 class=\"elementor-icon-box-title\">\n\t\t\t\t\t\t\t<span >Regulamentul intern de asigurare a calit\u0103\u021bii<\/span>\n\t\t\t\t\t\t<\/h4>\n\t\t\t\t\t\t\t\t\t\t\t<\/div>\n\t\t\t\t<\/div>\n\t\t\t\t\t\t<\/div>\n\t\t\t\t<\/div>\n\t\t\t\t\t\t<\/div>\n\t\t\t\t\t<\/div>\n\t\t<\/div>\n\t\t\t\t<div class=\"elementor-column elementor-col-50 elementor-top-column elementor-element elementor-element-c97cef5\" data-id=\"c97cef5\" data-element_type=\"column\" data-settings=\"{&quot;background_background&quot;:&quot;classic&quot;}\">\n\t\t\t<div class=\"elementor-column-wrap elementor-element-populated\">\n\t\t\t\t\t\t\t<div class=\"elementor-widget-wrap\">\n\t\t\t\t\t\t<div class=\"elementor-element elementor-element-002ba7d elementor-view-stacked elementor-vertical-align-middle elementor-shape-circle elementor-position-top elementor-widget elementor-widget-icon-box\" data-id=\"002ba7d\" data-element_type=\"widget\" data-widget_type=\"icon-box.default\">\n\t\t\t\t<div class=\"elementor-widget-container\">\n\t\t\t\t\t\t\t<div  class=\"elementor-icon-box-wrapper\">\n\t\t\t\t\t\t\t\t\t\t<div class=\"elementor-icon-box-icon\">\n\t\t\t\t\t\t<span class=\"elementor-icon elementor-animation-\" >\n\t\t\t\t\t\t<i aria-hidden=\"true\" class=\"far fa-file-pdf\"><\/i>\t\t\t\t\t\t<\/span>\n\t\t\t\t\t<\/div>\n\t\t\t\t\t\t\t\t\t\t<div class=\"elementor-icon-box-content\">\n\t\t\t\t\t\t<h4 class=\"elementor-icon-box-title\">\n\t\t\t\t\t\t\t<span >Politica Protec\u021biei \u00eempotriva Exploat\u0103rii \u0219i Abuzului Sexual<\/span>\n\t\t\t\t\t\t<\/h4>\n\t\t\t\t\t\t\t\t\t\t\t<\/div>\n\t\t\t\t<\/div>\n\t\t\t\t\t\t<\/div>\n\t\t\t\t<\/div>\n\t\t\t\t\t\t<\/div>\n\t\t\t\t\t<\/div>\n\t\t<\/div>\n\t\t\t\t\t\t\t\t<\/div>\n\t\t\t\t\t<\/div>\n\t\t<\/section>\n\t\t\t\t\t\t<\/div>\n\t\t\t\t\t\t<\/div>\n\t\t\t\t\t<\/div>","protected":false},"excerpt":{"rendered":"<p>Print Envelope Share-alt Instruire Cre\u0219terea performan\u021bei &#8211; prioritatea noastr\u0103! \u0218coala Na\u021bional\u0103 de Management \u00een S\u0103n\u0103tate Public\u0103 (\u0218NMSP) ofer\u0103 programe de instruire dedicate profesioni\u0219tilor din s\u0103n\u0103tate implica\u021bi \u00een activit\u0103\u021bi manageriale \u0219i de decizie. Instruirile noastre combin\u0103 teorie, practic\u0103 \u0219i studii de caz reale, pentru a sprijini dezvoltarea competen\u021belor necesare \u00een gestionarea eficient\u0103 a institu\u021biilor medicale \u0219i&#8230;<\/p>","protected":false},"author":1,"featured_media":0,"parent":0,"menu_order":0,"comment_status":"closed","ping_status":"closed","template":"","meta":[],"aioseo_notices":[],"_links":{"self":[{"href":"https:\/\/sph.md\/en_gb\/wp-json\/wp\/v2\/pages\/988924"}],"collection":[{"href":"https:\/\/sph.md\/en_gb\/wp-json\/wp\/v2\/pages"}],"about":[{"href":"https:\/\/sph.md\/en_gb\/wp-json\/wp\/v2\/types\/page"}],"author":[{"embeddable":true,"href":"https:\/\/sph.md\/en_gb\/wp-json\/wp\/v2\/users\/1"}],"replies":[{"embeddable":true,"href":"https:\/\/sph.md\/en_gb\/wp-json\/wp\/v2\/comments?post=988924"}],"version-history":[{"count":0,"href":"https:\/\/sph.md\/en_gb\/wp-json\/wp\/v2\/pages\/988924\/revisions"}],"wp:attachment":[{"href":"https:\/\/sph.md\/en_gb\/wp-json\/wp\/v2\/media?parent=988924"}],"curies":[{"name":"wp","href":"https:\/\/api.w.org\/{rel}","templated":true}]}}